{"id":4797,"date":"2025-04-10T21:13:46","date_gmt":"2025-04-10T19:13:46","guid":{"rendered":"https:\/\/www.redegold.de\/shop\/?post_type=product&#038;p=4797"},"modified":"2026-01-24T14:29:47","modified_gmt":"2026-01-24T13:29:47","slug":"rede-lied","status":"publish","type":"product","link":"https:\/\/www.redegold.de\/shop\/shop\/zusatzleistungen\/versand-per-post\/rede-lied\/","title":{"rendered":"Rede-Lied"},"content":{"rendered":"<div class=\"fusion-fullwidth fullwidth-box fusion-builder-row-1 fusion-flex-container has-pattern-background has-mask-background hundred-percent-fullwidth non-hundred-percent-height-scrolling\" style=\"--awb-border-radius-top-left:0px;--awb-border-radius-top-right:0px;--awb-border-radius-bottom-right:0px;--awb-border-radius-bottom-left:0px;--awb-padding-left:-100%;--awb-background-color:rgba(255,255,255,0);--awb-flex-wrap:wrap;\" ><div class=\"fusion-builder-row fusion-row fusion-flex-align-items-flex-start fusion-flex-content-wrap\" style=\"width:104% !important;max-width:104% !important;margin-left: calc(-4% \/ 2 );margin-right: calc(-4% \/ 2 );\"><div class=\"fusion-layout-column fusion_builder_column fusion-builder-column-0 fusion_builder_column_1_1 1_1 fusion-flex-column\" style=\"--awb-padding-right:-100%;--awb-padding-left:-150%;--awb-bg-blend:overlay;--awb-bg-size:cover;--awb-width-large:100%;--awb-margin-top-large:0px;--awb-spacing-right-large:0%;--awb-margin-bottom-large:20px;--awb-spacing-left-large:0%;--awb-width-medium:100%;--awb-order-medium:0;--awb-spacing-right-medium:1.92%;--awb-spacing-left-medium:1.92%;--awb-width-small:100%;--awb-order-small:0;--awb-spacing-right-small:1.92%;--awb-spacing-left-small:1.92%;\" data-scroll-devices=\"small-visibility,medium-visibility,large-visibility\"><div class=\"fusion-column-wrapper fusion-column-has-shadow fusion-flex-justify-content-flex-start fusion-content-layout-column\"><div class=\"fusion-title title fusion-title-1 fusion-sep-none fusion-title-text fusion-title-size-two\" style=\"--awb-margin-top-small:0px;--awb-margin-right-small:0px;--awb-margin-bottom-small:20px;--awb-margin-left-small:0px;\"><h2 class=\"fusion-title-heading title-heading-left fusion-responsive-typography-calculated\" style=\"margin:0;--fontSize:39;line-height:1.25;\">Verst\u00e4rken Sie die Wirkung Ihrer Rede<\/h2><\/div><div class=\"fusion-text fusion-text-1\"><p><strong>Stellen Sie sich vor: Nach Ihrer Rede erklingt ein Song, der Ihre Botschaft musikalisch unterstreicht und die Herzen Ihrer Zuh\u00f6rer ber\u00fchrt.<\/strong><\/p>\n<p>Das Rede-Lied verwandelt die Essenz Ihrer Ansprache in ein individuell komponiertes und professionell produziertes Lied.<\/p>\n<\/div><div class=\"fusion-alert alert success alert-success fusion-alert-left awb-alert-native-link-color alert-shadow fusion-animated\" style=\"--awb-margin-top:25px;--awb-margin-bottom:050px;\" role=\"alert\" data-animationType=\"fadeInUp\" data-animationDuration=\"1.7\" data-animationOffset=\"top-into-view\"><div class=\"fusion-alert-content-wrapper\"><span class=\"alert-icon\"><i class=\"awb-icon-check-circle\" aria-hidden=\"true\"><\/i><\/span><span class=\"fusion-alert-content\"><span style=\"color: black;\">RedeGold-Kunden haben diese Dienstleistung der Leverkusener ML music + emotion GmbH erfolgreich erprobt &#8211; mit beeindruckenden Ergebnissen. Die ideale Erg\u00e4nzung und Kr\u00f6nung einer RedeGold-Rede. W\u00e4rmstens empfohlen!<\/span><\/span><\/div><\/div><div class=\"fusion-text fusion-text-2 fusion-text-no-margin\" style=\"--awb-margin-bottom:25px;\"><p>Hier nur eine R\u00fcckmeldung von vielen:<\/p>\n<blockquote>\n<p>\u201eDer Song wurde zum Ohrwurm. Er rundete meinen Vortrag anschlie\u00dfend super ab und viele sangen wiederholt den Refrain, noch bis zum Ende des Events, mit.<\/p>\n<p>Vielen Dank nochmals f\u00fcr die super Empfehlung. Es wurde sofort gefragt, wer wie wo der Song produziert wurde! Ein Highlight!\u201c<\/p>\n<\/blockquote>\n<\/div><div class=\"fusion-builder-row fusion-builder-row-inner fusion-row fusion-flex-align-items-flex-start fusion-flex-content-wrap\" style=\"--awb-flex-grow:0;--awb-flex-grow-medium:0;--awb-flex-grow-small:0;--awb-flex-shrink:0;--awb-flex-shrink-medium:0;--awb-flex-shrink-small:0;width:104% !important;max-width:104% !important;margin-left: calc(-4% \/ 2 );margin-right: calc(-4% \/ 2 );\"><div class=\"fusion-layout-column fusion_builder_column_inner fusion-builder-nested-column-0 fusion_builder_column_inner_2_3 2_3 fusion-flex-column\" style=\"--awb-bg-color:rgba(255,255,255,0);--awb-bg-color-hover:rgba(255,255,255,0);--awb-bg-size:cover;--awb-width-large:66.666666666667%;--awb-margin-top-large:0px;--awb-spacing-right-large:2.88%;--awb-margin-bottom-large:20px;--awb-spacing-left-large:2.88%;--awb-width-medium:100%;--awb-order-medium:0;--awb-spacing-right-medium:1.92%;--awb-spacing-left-medium:1.92%;--awb-width-small:100%;--awb-order-small:0;--awb-spacing-right-small:1.92%;--awb-spacing-left-small:1.92%;\"><div class=\"fusion-column-wrapper fusion-column-has-shadow fusion-flex-justify-content-flex-start fusion-content-layout-column\"><div class=\"fusion-text fusion-text-3\" style=\"--awb-text-transform:none;\"><p><strong>Im Folgenden sehen Sie weitere Informationen und den Ablauf.<\/strong><\/p>\n<p><em>Gerne \u00fcber\u00adnehme ich auch die komplette Abwicklung und Abstimmung f\u00fcr Sie.<\/em><\/p>\n<p><em>Sprechen Sie mich daf\u00fcr einfach an oder <a href=\"https:\/\/www.redegold.de\/shop\/shop\/unkategorisiert\/abstimmung-und-abwicklung-redelied\/\">buchen Sie meine Mitwirkung direkt hier<\/a>.<\/em><\/p>\n<\/div><\/div><\/div><div class=\"fusion-layout-column fusion_builder_column_inner fusion-builder-nested-column-1 fusion_builder_column_inner_1_3 1_3 fusion-flex-column\" style=\"--awb-bg-size:cover;--awb-width-large:33.333333333333%;--awb-margin-top-large:0px;--awb-spacing-right-large:5.76%;--awb-margin-bottom-large:20px;--awb-spacing-left-large:5.76%;--awb-width-medium:100%;--awb-order-medium:0;--awb-spacing-right-medium:1.92%;--awb-spacing-left-medium:1.92%;--awb-width-small:100%;--awb-order-small:0;--awb-spacing-right-small:1.92%;--awb-spacing-left-small:1.92%;\"><div class=\"fusion-column-wrapper fusion-column-has-shadow fusion-flex-justify-content-flex-start fusion-content-layout-column\"><div class=\"fusion-image-element \" style=\"--awb-caption-title-font-family:var(--h2_typography-font-family);--awb-caption-title-font-weight:var(--h2_typography-font-weight);--awb-caption-title-font-style:var(--h2_typography-font-style);--awb-caption-title-size:var(--h2_typography-font-size);--awb-caption-title-transform:var(--h2_typography-text-transform);--awb-caption-title-line-height:var(--h2_typography-line-height);--awb-caption-title-letter-spacing:var(--h2_typography-letter-spacing);\"><span class=\" fusion-imageframe imageframe-dropshadow imageframe-1 hover-type-none\" style=\"-webkit-box-shadow: 3px 3px 7px rgba(255,255,255,0);box-shadow: 3px 3px 7px rgba(255,255,255,0);\"><a class=\"fusion-no-lightbox\" href=\"https:\/\/www.redegold.de\/rede-ghostwriter\" target=\"_self\" aria-label=\"reden\u00adschreiber-frank-rosen\u00adbauer-rede\u00adgold\"><img decoding=\"async\" width=\"776\" height=\"776\" alt=\"Rede schreiben lassen: Frank Rosenbauer\" src=\"https:\/\/www.redegold.de\/shop\/wp-content\/uploads\/2019\/12\/redenschreiber-frank-rosenbauer-redegold.webp\" data-orig-src=\"https:\/\/www.redegold.de\/shop\/wp-content\/uploads\/2019\/12\/redenschreiber-frank-rosenbauer-redegold.webp\" class=\"lazyload img-responsive wp-image-1835\" srcset=\"data:image\/svg+xml,%3Csvg%20xmlns%3D%27http%3A%2F%2Fwww.w3.org%2F2000%2Fsvg%27%20width%3D%27776%27%20height%3D%27776%27%20viewBox%3D%270%200%20776%20776%27%3E%3Crect%20width%3D%27776%27%20height%3D%27776%27%20fill-opacity%3D%220%22%2F%3E%3C%2Fsvg%3E\" data-srcset=\"https:\/\/www.redegold.de\/shop\/wp-content\/uploads\/2019\/12\/redenschreiber-frank-rosenbauer-redegold-200x200.webp 200w, https:\/\/www.redegold.de\/shop\/wp-content\/uploads\/2019\/12\/redenschreiber-frank-rosenbauer-redegold-400x400.webp 400w, https:\/\/www.redegold.de\/shop\/wp-content\/uploads\/2019\/12\/redenschreiber-frank-rosenbauer-redegold-600x600.webp 600w, https:\/\/www.redegold.de\/shop\/wp-content\/uploads\/2019\/12\/redenschreiber-frank-rosenbauer-redegold.webp 776w\" data-sizes=\"auto\" data-orig-sizes=\"(max-width: 1024px) 100vw, (max-width: 640px) 100vw, 400px\" \/><\/a><\/span><\/div><\/div><\/div><\/div><div class=\"fusion-title title fusion-title-2 fusion-sep-none fusion-title-text fusion-title-size-two\" style=\"--awb-margin-top:50px;--awb-margin-bottom:50px;--awb-margin-top-small:50px;--awb-margin-right-small:0px;--awb-margin-bottom-small:50px;--awb-margin-left-small:0px;\"><h2 class=\"fusion-title-heading title-heading-left fusion-responsive-typography-calculated\" style=\"margin:0;--fontSize:39;line-height:1.25;\">Rede-Lied: Ihre sieben Vorteile<\/h2><\/div><div class=\"fusion-text fusion-text-4\"><h3>1. Emotionale Verst\u00e4rkung<\/h3>\n<p>Musik spricht die Seele an. Ein Lied, das Ihre Rede zusammenfasst, vertieft die emotionale Wirkung Ihrer Worte und bleibt lange im Ged\u00e4chtnis.<div class=\"fusion-separator fusion-full-width-sep\" style=\"align-self: center;margin-left: auto;margin-right: auto;margin-top:25px;width:100%;\"><\/div><\/p>\n<h3>2. Individuelle Komposition mit jahrzehntelanger Erfahrung<\/h3>\n<p>Professionelle Songwriter mit Feingef\u00fchl und Gesp\u00fcr verwandeln die Kernaussagen Ihrer Rede in ma\u00dfgeschneiderte Liedtexte und Melodien \u2013 passgenau f\u00fcr Ihren Anlass. Empfohlen von <em>VOX, Sat.1, Die H\u00f6hle der L\u00f6wen, Cosmopolitan, RTL, 1LIVE, Men\u2019s Health <\/em>und <em>NDR<\/em><div class=\"fusion-separator fusion-full-width-sep\" style=\"align-self: center;margin-left: auto;margin-right: auto;margin-top:25px;width:100%;\"><\/div><\/p>\n<h3>3. Professionelle Produktion<\/h3>\n<p>Erfahrene Musiker und S\u00e4nger setzen Ihr pers\u00f6nliches Lied in h\u00f6chster Qualit\u00e4t um, vergleichbar mit Songs aus dem Radio. Kein KI, sondern echte S\u00e4ngerinnen und S\u00e4nger, bekannt aus <em>Voice of Germany, X\u2010Faktor <\/em>und <em>RTL\u2010Supertalent<\/em><div class=\"fusion-separator fusion-full-width-sep\" style=\"align-self: center;margin-left: auto;margin-right: auto;margin-top:25px;width:100%;\"><\/div><\/p>\n<h3>4. Vielseitig einsetzbar<\/h3>\n<p>Ob Geburtstag, Hochzeit oder Trauerfeier &#8211; ob Abschied oder Antritt &#8211; ob Firmenjubil\u00e4um, Motivationsevent oder Wahlkampf: Das Rede-Lied kann f\u00fcr jeden Anlass wirken und sorgt f\u00fcr G\u00e4nsehautmomente!<div class=\"fusion-separator fusion-full-width-sep\" style=\"align-self: center;margin-left: auto;margin-right: auto;margin-top:25px;width:100%;\"><\/div><\/p>\n<h3>5. Unverg\u00e4ngliches Geschenk<\/h3>\n<p>\u00dcberreichen Sie dem Veranstalter oder der Hauptperson das Rede-Lied als besonderes Andenken, das den Moment f\u00fcr immer festh\u00e4lt.<div class=\"fusion-separator fusion-full-width-sep\" style=\"align-self: center;margin-left: auto;margin-right: auto;margin-top:25px;width:100%;\"><\/div><\/p>\n<h3>6. Einfache Bestellung<\/h3>\n<p>Senden Sie einfach Ihre RedeGold-Rede ein oder teilen Sie die wichtigsten Rede-Inhalte mit. Die Profis k\u00fcmmern sich um den Rest \u2013 von der Komposition bis zur fertigen Aufnahme.<div class=\"fusion-separator fusion-full-width-sep\" style=\"align-self: center;margin-left: auto;margin-right: auto;margin-top:25px;width:100%;\"><\/div><\/p>\n<h3>7. Exklusiver Rabatt<\/h3>\n<p>Mit dem Rabattcode <strong>redegold-vorteil<\/strong> erhalten Sie <strong>7 % Preisnachlass<\/strong> auf Ihre Bestellung.<\/p>\n<\/div><div class=\"fusion-alert alert success alert-success fusion-alert-left awb-alert-native-link-color alert-shadow\" style=\"--awb-margin-top:75px;\" role=\"alert\"><div class=\"fusion-alert-content-wrapper\"><span class=\"alert-icon\"><i class=\"awb-icon-check-circle\" aria-hidden=\"true\"><\/i><\/span><span class=\"fusion-alert-content\"><p><span style=\"color: black;\"><strong>Nutzen Sie die Kraft der Musik, um Ihre Botschaft auf eine neue Ebene zu heben und Ihre Zuh\u00f6rer nachhaltig zu begeistern.<br \/>\n<\/strong><\/span><\/p><\/span><\/div><\/div><div class=\"fusion-title title fusion-title-3 fusion-sep-none fusion-title-text fusion-title-size-two\" style=\"--awb-margin-top:50px;--awb-margin-bottom:50px;--awb-margin-top-small:50px;--awb-margin-right-small:0px;--awb-margin-bottom-small:50px;--awb-margin-left-small:0px;\"><h2 class=\"fusion-title-heading title-heading-left fusion-responsive-typography-calculated\" style=\"margin:0;--fontSize:39;line-height:1.25;\">Perfekt f\u00fcr jeden Anlass<\/h2><\/div><div class=\"fusion-text fusion-text-5\"><h3>Beispiel <a href=\"https:\/\/www.redegold.de\/shop\/shop\/individuelle-rede\/saisonartikel\/ihre-persoenliche-hochzeitsrede\/\">Hochzeitsfeiern<\/a><\/h3>\n<p>Setzen Sie nach Ihrer Hochzeitsrede ein musikalisches Glanzlicht, das die Romantik des Moments einf\u00e4ngt und die Liebe des Paares besingt.<div class=\"fusion-separator fusion-full-width-sep\" style=\"align-self: center;margin-left: auto;margin-right: auto;margin-top:25px;width:100%;\"><\/div><\/p>\n<h3>Beispiel <a href=\"https:\/\/www.redegold.de\/shop\/shop\/individuelle-rede\/bestseller\/ihre-perfekte-persoenliche-geburtstagsrede\/\">Geburtstagsfeiern<\/a><\/h3>\n<p>\u00dcberraschen Sie das Geburtstagskind mit einer gesungenen Laudatio, die pers\u00f6nliche Anekdoten und W\u00fcnsche in harmonische Melodien verwandelt.<div class=\"fusion-separator fusion-full-width-sep\" style=\"align-self: center;margin-left: auto;margin-right: auto;margin-top:25px;width:100%;\"><\/div><\/p>\n<h3>Beispiel <a href=\"https:\/\/www.redegold.de\/shop\/shop\/individuelle-rede\/bestseller\/ihre-perfekte-persoenliche-trauerrede\/\">Trauerfeiern<\/a><\/h3>\n<p>Bieten Sie den Hinterbliebenen Trost mit einem w\u00fcrdevollen Lied, das die Erinnerungen an den Verstorbenen ehrt und seine Lebensgeschichte musikalisch erz\u00e4hlt.<div class=\"fusion-separator fusion-full-width-sep\" style=\"align-self: center;margin-left: auto;margin-right: auto;margin-top:25px;width:100%;\"><\/div><\/p>\n<h3>Beispiel <a href=\"https:\/\/www.redegold.de\/shop\/shop\/individuelle-rede\/bestseller\/ihre-perfekte-persoenliche-jubilaeumsrede\/\">Jubil\u00e4en<\/a><\/h3>\n<p>Feiern Sie die Meilensteine Ihres Unternehmens, Ihres Verbands oder Vereins mit einem einpr\u00e4gsamen Song, der die Geschichte, Erfolge und Visionen Ihrer Institution kunstvoll zusammenfasst.<\/p>\n<\/div><div class=\"fusion-alert alert success alert-success fusion-alert-left awb-alert-native-link-color alert-shadow\" style=\"--awb-margin-top:50px;\" role=\"alert\"><div class=\"fusion-alert-content-wrapper\"><span class=\"alert-icon\"><i class=\"awb-icon-check-circle\" aria-hidden=\"true\"><\/i><\/span><span class=\"fusion-alert-content\"><span style=\"color: black;\"><strong>Bestellen Sie jetzt Ihr pers\u00f6nliches Rede-Lied \u2013 und machen Sie Ihre Rede zum Highlight jeder Veranstaltung!<\/strong><\/span><\/span><\/div><\/div><div class=\"fusion-title title fusion-title-4 fusion-sep-none fusion-title-text fusion-title-size-two\" style=\"--awb-margin-top:50px;--awb-margin-bottom:50px;--awb-margin-top-small:50px;--awb-margin-right-small:0px;--awb-margin-bottom-small:50px;--awb-margin-left-small:0px;\"><h2 class=\"fusion-title-heading title-heading-left fusion-responsive-typography-calculated\" style=\"margin:0;--fontSize:39;line-height:1.25;\">So gehen Sie vor<\/h2><\/div><ul style=\"--awb-size:16px;--awb-line-height:27.2px;--awb-icon-width:27.2px;--awb-icon-height:27.2px;--awb-icon-margin:11.2px;--awb-content-margin:38.4px;--awb-circlecolor:var(--awb-color4);--awb-circle-yes-font-size:14.08px;\" class=\"fusion-checklist fusion-checklist-1 fusion-checklist-default type-numbered\"><li class=\"fusion-li-item\" style=\"\"><span class=\"icon-wrapper circle-yes\">1<\/span><div class=\"fusion-li-item-content\">\n<p><a href=\"https:\/\/www.my-lovesong.de\/erstelle-deinen-song-mit-eurer-geschichte\/\" target=\"_blank\" rel=\"noopener\">Klicken Sie hier<\/a> und w\u00e4hlen Sie Stil und Stimme<\/p>\n<\/div><\/li><li class=\"fusion-li-item\" style=\"\"><span class=\"icon-wrapper circle-yes\">2<\/span><div class=\"fusion-li-item-content\">\n<p>Auf der Folgeseite kopieren Sie Ihre RedeGold-Rede einfach in das Textfeld. Trotz des Hochzeitslieder-Designs sind alle Themen m\u00f6glich<\/p>\n<\/div><\/li><li class=\"fusion-li-item\" style=\"\"><span class=\"icon-wrapper circle-yes\">3<\/span><div class=\"fusion-li-item-content\">\n<p>Nutzen Sie als RedeGold-Kunde 7 % Preisnachlass bei Ihrer Bestellung mit dem Rabattcode <em>redegold-vorteil<\/em><\/p>\n<\/div><\/li><\/ul><\/div><\/div><\/div><\/div>\n","protected":false},"excerpt":{"rendered":"","protected":false},"featured_media":4813,"template":"","meta":{"wp_typography_post_enhancements_disabled":false,"footnotes":""},"product_brand":[],"product_cat":[59,56],"product_tag":[205,185,195],"class_list":{"0":"post-4797","1":"product","2":"type-product","3":"status-publish","4":"has-post-thumbnail","6":"product_cat-versand-per-post","7":"product_cat-zusatzleistungen","8":"product_tag-redelied","9":"product_tag-schmuckdruck","10":"product_tag-verewigung","12":"first","13":"instock","14":"sale","15":"taxable","16":"shipping-taxable","17":"product-type-external"},"_links":{"self":[{"href":"https:\/\/www.redegold.de\/shop\/wp-json\/wp\/v2\/product\/4797","targetHints":{"allow":["GET"]}}],"collection":[{"href":"https:\/\/www.redegold.de\/shop\/wp-json\/wp\/v2\/product"}],"about":[{"href":"https:\/\/www.redegold.de\/shop\/wp-json\/wp\/v2\/types\/product"}],"version-history":[{"count":0,"href":"https:\/\/www.redegold.de\/shop\/wp-json\/wp\/v2\/product\/4797\/revisions"}],"wp:featuredmedia":[{"embeddable":true,"href":"https:\/\/www.redegold.de\/shop\/wp-json\/wp\/v2\/media\/4813"}],"wp:attachment":[{"href":"https:\/\/www.redegold.de\/shop\/wp-json\/wp\/v2\/media?parent=4797"}],"wp:term":[{"taxonomy":"product_brand","embeddable":true,"href":"https:\/\/www.redegold.de\/shop\/wp-json\/wp\/v2\/product_brand?post=4797"},{"taxonomy":"product_cat","embeddable":true,"href":"https:\/\/www.redegold.de\/shop\/wp-json\/wp\/v2\/product_cat?post=4797"},{"taxonomy":"product_tag","embeddable":true,"href":"https:\/\/www.redegold.de\/shop\/wp-json\/wp\/v2\/product_tag?post=4797"}],"curies":[{"name":"wp","href":"https:\/\/api.w.org\/{rel}","templated":true}]}}