{"id":267,"date":"2019-12-27T00:37:47","date_gmt":"2019-12-26T23:37:47","guid":{"rendered":"https:\/\/www.redegold.de\/shop\/?post_type=product&#038;p=267"},"modified":"2026-04-20T19:01:39","modified_gmt":"2026-04-20T17:01:39","slug":"redekarten","status":"publish","type":"product","link":"https:\/\/www.redegold.de\/shop\/shop\/zusatzleistungen\/versand-per-post\/redekarten\/","title":{"rendered":"Bedruckte Rede\u00adkarten"},"content":{"rendered":"<div class=\"fusion-fullwidth fullwidth-box fusion-builder-row-1 fusion-flex-container has-pattern-background has-mask-background nonhundred-percent-fullwidth non-hundred-percent-height-scrolling\" style=\"--awb-border-radius-top-left:0px;--awb-border-radius-top-right:0px;--awb-border-radius-bottom-right:0px;--awb-border-radius-bottom-left:0px;--awb-background-color:rgba(255,255,255,0);--awb-flex-wrap:wrap;\" ><div class=\"fusion-builder-row fusion-row fusion-flex-align-items-flex-start fusion-flex-content-wrap\" style=\"max-width:1144px;margin-left: calc(-4% \/ 2 );margin-right: calc(-4% \/ 2 );\"><div class=\"fusion-layout-column fusion_builder_column fusion-builder-column-0 fusion_builder_column_1_1 1_1 fusion-flex-column\" style=\"--awb-bg-blend:overlay;--awb-bg-size:cover;--awb-width-large:100%;--awb-margin-top-large:0px;--awb-spacing-right-large:1.92%;--awb-margin-bottom-large:0px;--awb-spacing-left-large:1.92%;--awb-width-medium:100%;--awb-spacing-right-medium:1.92%;--awb-spacing-left-medium:1.92%;--awb-width-small:100%;--awb-spacing-right-small:1.92%;--awb-spacing-left-small:1.92%;\"><div class=\"fusion-column-wrapper fusion-flex-justify-content-flex-start fusion-content-layout-column\"><div class=\"fusion-title title fusion-title-1 fusion-sep-none fusion-title-text fusion-title-size-two\" style=\"--awb-margin-top:30px;--awb-margin-bottom:50px;--awb-margin-top-small:0px;--awb-margin-right-small:0px;--awb-margin-bottom-small:50px;--awb-margin-left-small:0px;\"><h2 class=\"fusion-title-heading title-heading-left fusion-responsive-typography-calculated\" style=\"margin:0;--fontSize:39;line-height:1.25;\">Redekarten sorgen f\u00fcr Ihren sicheren und professionellen Auftritt.<\/h2><\/div><div class=\"fusion-text fusion-text-1 fusion-text-no-margin\" style=\"--awb-margin-bottom:50px;\"><p><strong>Hier erhalten Sie Ihr Redemanuskript gedruckt auf handlichen Pr\u00e4sentationskarten (DIN A5, kartoniert).<\/strong><\/p>\n<p><em>Selbstverst\u00e4ndlich wird Ihre Rede keineswegs auf Stichworte reduziert. Die Moderations\u00adkarten enthalten Ihren kompletten Redetext &#8211; damit Sie im Notfall bei Ihrem Vortrag sofort wieder den Anschluss im Text finden.<\/em><\/p>\n<\/div><div class=\"fusion-title title fusion-title-2 fusion-sep-none fusion-title-text fusion-title-size-two\" style=\"--awb-margin-top:30px;--awb-margin-bottom:50px;--awb-margin-top-small:0px;--awb-margin-right-small:0px;--awb-margin-bottom-small:50px;--awb-margin-left-small:0px;\"><h2 class=\"fusion-title-heading title-heading-left fusion-responsive-typography-calculated\" style=\"margin:0;--fontSize:39;line-height:1.25;\">Fertig bedruckte Redekarten: Ihre 7 Vorteile<\/h2><\/div><div class=\"fusion-text fusion-text-2\"><h3>1. Freie Bewegung, nat\u00fcrliche Interaktion<\/h3>\n<p>Redekarten liegen Ihnen perfekt in der Hand und Sie k\u00f6nnen diese leichter festhalten. Dies erm\u00f6glicht Ihnen, sich freier zu bewegen und dadurch eine <strong>bessere Verbindung zu Ihrem Publikum<\/strong> herzustellen.<\/p>\n<p>Sie gestalten den Kontakt zum Publikum \u00fcberdies <strong>nat\u00fcrlicher und authentischer<\/strong>, wodurch Sie eine st\u00e4rkere emotionale Verbindung schaffen.<br \/><div class=\"fusion-separator fusion-full-width-sep\" style=\"align-self: center;margin-left: auto;margin-right: auto;margin-top:25px;width:100%;\"><\/div><\/p>\n<h3>2. Weniger Ablenkung, mehr Fokus<\/h3>\n<p>Aufgrund des kompakten Formats der Moderationskarten lenken Sie Ihre Aufmerksamkeit m\u00fchelos auf die jeweilige Textpassage. Mit mindestens 50 % weniger Text pro Karte im Vergleich zu DIN-A4-Seiten <strong>minimieren Sie Ablenkung und Zeitverlust<\/strong> beim Suchen des n\u00e4chsten Satzes.<\/p>\n<p>So behalten Sie den roten Faden fest im Griff und fokussieren sich souver\u00e4n auf Ihre Rede.<br \/><div class=\"fusion-separator fusion-full-width-sep\" style=\"align-self: center;margin-left: auto;margin-right: auto;margin-top:25px;width:100%;\"><\/div><\/p>\n<h3>3. Moderner Auftritt mit professionellem Touch<\/h3>\n<p>Redekarten wirken nicht nur modern, sondern auch professionell. Pr\u00e4sentationskarten sind das Werkzeug der Wahl f\u00fcr Profis wie TV-Moderatoren, die Wert auf einen zeitgem\u00e4\u00dfen und professionellen Auftritt legen.<\/p>\n<p>Mit diesem bew\u00e4hrten Hilfsmittel setzen Sie ein <strong>klares Zeichen f\u00fcr Kompetenz<\/strong> und heben sich deutlich von herk\u00f6mmlichen DIN-A4-Vortr\u00e4gen ab.<br \/><div class=\"fusion-separator fusion-full-width-sep\" style=\"align-self: center;margin-left: auto;margin-right: auto;margin-top:25px;width:100%;\"><\/div><\/p>\n<h3>4. Fl\u00fcssiger Vortrag, dynamischer Eindruck<\/h3>\n<p>Die Karten erm\u00f6glichen einen <strong>schnellen und unauff\u00e4lligen<\/strong> Wechsel der Manuskriptseiten. Das sorgt f\u00fcr einen harmonischen Fluss Ihrer Rede und macht einen souver\u00e4nen, dynamischen Eindruck.<br \/><div class=\"fusion-separator fusion-full-width-sep\" style=\"align-self: center;margin-left: auto;margin-right: auto;margin-top:25px;width:100%;\"><\/div><\/p>\n<h3>5. Sicherheit im Griff<\/h3>\n<p>Sie haben wirklich etwas in der Hand: Die kartonierten Redekarten geben Ihnen ein angenehmes und greifbares Gef\u00fchl von Sicherheit.<\/p>\n<p>Anders als bei flatterd\u00fcnnen DIN-A4-Bl\u00e4ttern (ca. 80 g\/m\u00b2) sp\u00fcren Sie mit 205 g\/m\u00b2 die Substanz Ihrer Rede auch haptisch und erleben dadurch ein <strong>gesteigertes Selbstvertrauen<\/strong> bei Ihrem Vortrag.<br \/><div class=\"fusion-separator fusion-full-width-sep\" style=\"align-self: center;margin-left: auto;margin-right: auto;margin-top:25px;width:100%;\"><\/div><\/p>\n<h3>6. Zielf\u00fchrende Pausen, optimale Informationsaufnahme<\/h3>\n<p>Redekarten sind halb so gro\u00df wie DIN-A4-Seiten, also m\u00fcssen Sie doppelt so oft umbl\u00e4ttern. Dadurch entstehen doppelt so viele kurze Pausen \u2013 wertvolle Verst\u00e4ndnispausen f\u00fcr Ihr Publikum!<\/p>\n<p>Ihre Zuh\u00f6rer bekommen mehr Zeit, Ihre Worte zu verarbeiten und sich auf den n\u00e4chsten Teil Ihrer Rede einzustellen. So bleibt Ihr Publikum <strong>eher konzentriert<\/strong> und die Aufmerksamkeit f\u00fcr Ihre Ansprache somit l\u00e4nger erhalten.<br \/><div class=\"fusion-separator fusion-full-width-sep\" style=\"align-self: center;margin-left: auto;margin-right: auto;margin-top:25px;width:100%;\"><\/div><\/p>\n<h3>7. Neue Energie f\u00fcr Ihre Rede<\/h3>\n<p>Diese Verst\u00e4ndnispausen sind Atempausen f\u00fcr Sie als Redner. Nutzen Sie die vielen kurzen Pausen, um \u00f6fter durchzuatmen und sich neu zu sammeln.<\/p>\n<p>So k\u00f6nnen Sie die n\u00e4chste Passage mit <strong>frischer Energie und gesteigerter Pr\u00e4zision<\/strong> vortragen. Das erh\u00f6ht die Qualit\u00e4t Ihrer Pr\u00e4sentation und st\u00e4rkt Ihre Selbstsicherheit.<\/p>\n<\/div><div class=\"fusion-separator fusion-full-width-sep\" style=\"align-self: center;margin-left: auto;margin-right: auto;margin-top:25px;width:100%;\"><\/div><div class=\"fusion-alert alert success alert-success fusion-alert-left awb-alert-native-link-color alert-shadow fusion-animated\" style=\"--awb-margin-top:20px;--awb-margin-bottom:25px;\" role=\"alert\" data-animationType=\"fadeInUp\" data-animationDuration=\"1.7\" data-animationOffset=\"top-into-view\"><div class=\"fusion-alert-content-wrapper\"><span class=\"alert-icon\"><i class=\"awb-icon-check-circle\" aria-hidden=\"true\"><\/i><\/span><span class=\"fusion-alert-content\"><span style=\"color: black;\">Bestellen Sie jetzt Ihre Pr\u00e4sentationskarten und erleben Sie den Unterschied.<\/span><\/span><\/div><\/div><ul style=\"--awb-size:16px;--awb-iconcolor:#a7893d;--awb-line-height:27.2px;--awb-icon-width:27.2px;--awb-icon-height:27.2px;--awb-icon-margin:11.2px;--awb-content-margin:38.4px;\" class=\"fusion-checklist fusion-checklist-1 fusion-checklist-default type-icons\"><li class=\"fusion-li-item\" style=\"\"><span class=\"icon-wrapper circle-no\"><i class=\"fusion-li-icon fa- fa-check fas \" aria-hidden=\"true\"><\/i><\/span><div class=\"fusion-li-item-content\">Inkl. Druck und Versand per Post in diskretem Umschlag<\/div><\/li><li class=\"fusion-li-item\" style=\"\"><span class=\"icon-wrapper circle-no\"><i class=\"fusion-li-icon fa- fa-check fas \" aria-hidden=\"true\"><\/i><\/span><div class=\"fusion-li-item-content\">Neutraler Druck Ihres Redetexts (ohne <a href=\"https:\/\/www.redegold.de\" target=\"_blank\" rel=\"noopener\">RedeGold<\/a>-Logo o. \u00c4.)<\/div><\/li><\/ul><div class=\"fusion-separator fusion-full-width-sep\" style=\"align-self: center;margin-left: auto;margin-right: auto;margin-top:25px;width:100%;\"><\/div><ul style=\"--awb-size:16px;--awb-margin-bottom:1.25em;--awb-iconcolor:#e9a825;--awb-line-height:27.2px;--awb-icon-width:27.2px;--awb-icon-height:27.2px;--awb-icon-margin:11.2px;--awb-content-margin:38.4px;\" class=\"fusion-checklist fusion-checklist-2 fusion-checklist-default type-icons\"><li class=\"fusion-li-item\" style=\"\"><span class=\"icon-wrapper circle-no\"><i class=\"fusion-li-icon fa-plus-circle fas\" aria-hidden=\"true\"><\/i><\/span><div class=\"fusion-li-item-content\">Europ\u00e4isches Markenprodukt vom Traditionshersteller <a href=\"https:\/\/clairefontaine.eu\/de\/uber-uns\/\" target=\"_blank\" rel=\"noopener\"><em>Fontainebleu<\/em><\/a> (gegr. 1858)<\/div><\/li><li class=\"fusion-li-item\" style=\"\"><span class=\"icon-wrapper circle-no\"><i class=\"fusion-li-icon fa-plus-circle fas\" aria-hidden=\"true\"><\/i><\/span><div class=\"fusion-li-item-content\">\n<p>Besonders stabile Qualit\u00e4t: 205 g\/m\u00b2 (\u00fcbliche Karten bieten nur ca. 180 g\/m\u00b2)<\/p>\n<\/div><\/li><li class=\"fusion-li-item\" style=\"\"><span class=\"icon-wrapper circle-no\"><i class=\"fusion-li-icon fa-plus-circle fas\" aria-hidden=\"true\"><\/i><\/span><div class=\"fusion-li-item-content\">Papier nachweislich aus \u00f6kologisch, \u00f6konomisch und sozial nachhaltiger Waldbewirtschaftung (<a href=\"https:\/\/www.pefc.de\/pefc-siegel\/\" target=\"_blank\" rel=\"noopener\">PEFC<\/a>-zertifiziert)<\/div><\/li><\/ul><\/div><\/div><\/div><\/div>\n","protected":false},"excerpt":{"rendered":"","protected":false},"featured_media":268,"template":"","meta":{"wp_typography_post_enhancements_disabled":false,"footnotes":""},"product_brand":[213],"product_cat":[59,54,56],"product_tag":[70,188],"class_list":{"0":"post-267","1":"product","2":"type-product","3":"status-publish","4":"has-post-thumbnail","6":"product_brand-redegold","7":"product_cat-versand-per-post","8":"product_cat-vortragshilfen","9":"product_cat-zusatzleistungen","10":"product_tag-hilfen","11":"product_tag-redekarten","13":"first","14":"instock","15":"taxable","16":"shipping-taxable","17":"purchasable","18":"product-type-variable"},"_links":{"self":[{"href":"https:\/\/www.redegold.de\/shop\/wp-json\/wp\/v2\/product\/267","targetHints":{"allow":["GET"]}}],"collection":[{"href":"https:\/\/www.redegold.de\/shop\/wp-json\/wp\/v2\/product"}],"about":[{"href":"https:\/\/www.redegold.de\/shop\/wp-json\/wp\/v2\/types\/product"}],"version-history":[{"count":0,"href":"https:\/\/www.redegold.de\/shop\/wp-json\/wp\/v2\/product\/267\/revisions"}],"wp:featuredmedia":[{"embeddable":true,"href":"https:\/\/www.redegold.de\/shop\/wp-json\/wp\/v2\/media\/268"}],"wp:attachment":[{"href":"https:\/\/www.redegold.de\/shop\/wp-json\/wp\/v2\/media?parent=267"}],"wp:term":[{"taxonomy":"product_brand","embeddable":true,"href":"https:\/\/www.redegold.de\/shop\/wp-json\/wp\/v2\/product_brand?post=267"},{"taxonomy":"product_cat","embeddable":true,"href":"https:\/\/www.redegold.de\/shop\/wp-json\/wp\/v2\/product_cat?post=267"},{"taxonomy":"product_tag","embeddable":true,"href":"https:\/\/www.redegold.de\/shop\/wp-json\/wp\/v2\/product_tag?post=267"}],"curies":[{"name":"wp","href":"https:\/\/api.w.org\/{rel}","templated":true}]}}